{"id":2006,"date":"2024-07-30T16:09:31","date_gmt":"2024-07-30T16:09:31","guid":{"rendered":"https:\/\/hospitalemcor.com.br\/novo\/?page_id=2006"},"modified":"2024-12-17T01:20:18","modified_gmt":"2024-12-17T01:20:18","slug":"planoseconvenios","status":"publish","type":"page","link":"https:\/\/hospitalemcor.com.br\/novo\/planoseconvenios\/","title":{"rendered":"Planos e Conv\u00eanios"},"content":{"rendered":"\t\t<div data-elementor-type=\"wp-page\" data-elementor-id=\"2006\" class=\"elementor elementor-2006\">\n\t\t\t\t<div class=\"elementor-element elementor-element-7ede5345 e-flex e-con-boxed wpr-particle-no wpr-jarallax-no wpr-parallax-no wpr-sticky-section-no e-con e-parent\" data-id=\"7ede5345\" data-element_type=\"container\">\n\t\t\t\t\t<div class=\"e-con-inner\">\n\t\t\t\t<div class=\"elementor-element elementor-element-19a97b54 elementor-widget elementor-widget-text-editor\" data-id=\"19a97b54\" data-element_type=\"widget\" data-widget_type=\"text-editor.default\">\n\t\t\t\t<div class=\"elementor-widget-container\">\n\t\t\t\t\t\t\t\t\t<!-- Please don't change. Block is needed for React app. --><noscript>You need to enable JavaScript to run this app.<\/noscript>\n<p id=\"root\">Planos e Conv\u00eanios<\/p>\n\n<p>\u00a0<\/p>\n\t\t\t\t\t\t\t\t<\/div>\n\t\t\t\t<\/div>\n\t\t\t\t\t<\/div>\n\t\t\t\t<\/div>\n\t\t\t\t<\/div>\n\t\t","protected":false},"excerpt":{"rendered":"<p>You need to enable JavaScript to run this app. Planos e Conv\u00eanios \u00a0<\/p>\n","protected":false},"author":1,"featured_media":0,"parent":0,"menu_order":0,"comment_status":"closed","ping_status":"closed","template":"templates\/react-page-template.php","meta":{"_acf_changed":false,"footnotes":""},"class_list":["post-2006","page","type-page","status-publish","hentry"],"acf":[],"yoast_head":"<!-- This site is optimized with the Yoast SEO plugin v27.2 - https:\/\/yoast.com\/product\/yoast-seo-wordpress\/ -->\n<title>Planos e Conv\u00eanios - Hospital EMCOR<\/title>\n<meta name=\"robots\" content=\"index, follow, max-snippet:-1, max-image-preview:large, max-video-preview:-1\" \/>\n<link rel=\"canonical\" href=\"https:\/\/hospitalemcor.com.br\/novo\/planoseconvenios\/\" \/>\n<meta property=\"og:locale\" content=\"pt_BR\" \/>\n<meta property=\"og:type\" content=\"article\" \/>\n<meta property=\"og:title\" content=\"Planos e Conv\u00eanios - Hospital EMCOR\" \/>\n<meta property=\"og:description\" content=\"You need to enable JavaScript to run this app. Planos e Conv\u00eanios \u00a0\" \/>\n<meta property=\"og:url\" content=\"https:\/\/hospitalemcor.com.br\/novo\/planoseconvenios\/\" \/>\n<meta property=\"og:site_name\" content=\"Hospital EMCOR\" \/>\n<meta property=\"article:publisher\" content=\"https:\/\/www.facebook.com\/emcor\" \/>\n<meta property=\"article:modified_time\" content=\"2024-12-17T01:20:18+00:00\" \/>\n<meta name=\"twitter:card\" content=\"summary_large_image\" \/>\n<meta name=\"twitter:site\" content=\"@hospitalemcor\" \/>\n<meta name=\"twitter:label1\" content=\"Est. tempo de leitura\" \/>\n\t<meta name=\"twitter:data1\" content=\"1 minuto\" \/>\n<script type=\"application\/ld+json\" class=\"yoast-schema-graph\">{\"@context\":\"https:\/\/schema.org\",\"@graph\":[{\"@type\":\"WebPage\",\"@id\":\"https:\/\/hospitalemcor.com.br\/novo\/planoseconvenios\/\",\"url\":\"https:\/\/hospitalemcor.com.br\/novo\/planoseconvenios\/\",\"name\":\"Planos e Conv\u00eanios - Hospital EMCOR\",\"isPartOf\":{\"@id\":\"https:\/\/hospitalemcor.com.br\/novo\/#website\"},\"datePublished\":\"2024-07-30T16:09:31+00:00\",\"dateModified\":\"2024-12-17T01:20:18+00:00\",\"breadcrumb\":{\"@id\":\"https:\/\/hospitalemcor.com.br\/novo\/planoseconvenios\/#breadcrumb\"},\"inLanguage\":\"pt-BR\",\"potentialAction\":[{\"@type\":\"ReadAction\",\"target\":[\"https:\/\/hospitalemcor.com.br\/novo\/planoseconvenios\/\"]}]},{\"@type\":\"BreadcrumbList\",\"@id\":\"https:\/\/hospitalemcor.com.br\/novo\/planoseconvenios\/#breadcrumb\",\"itemListElement\":[{\"@type\":\"ListItem\",\"position\":1,\"name\":\"In\u00edcio\",\"item\":\"https:\/\/hospitalemcor.com.br\/novo\/\"},{\"@type\":\"ListItem\",\"position\":2,\"name\":\"Planos e Conv\u00eanios\"}]},{\"@type\":\"WebSite\",\"@id\":\"https:\/\/hospitalemcor.com.br\/novo\/#website\",\"url\":\"https:\/\/hospitalemcor.com.br\/novo\/\",\"name\":\"Hospital EMCOR\",\"description\":\"Hospital do Cora\u00e7\u00e3o e Cl\u00ednicas de Nova Igua\u00e7u\",\"publisher\":{\"@id\":\"https:\/\/hospitalemcor.com.br\/novo\/#organization\"},\"potentialAction\":[{\"@type\":\"SearchAction\",\"target\":{\"@type\":\"EntryPoint\",\"urlTemplate\":\"https:\/\/hospitalemcor.com.br\/novo\/?s={search_term_string}\"},\"query-input\":{\"@type\":\"PropertyValueSpecification\",\"valueRequired\":true,\"valueName\":\"search_term_string\"}}],\"inLanguage\":\"pt-BR\"},{\"@type\":\"Organization\",\"@id\":\"https:\/\/hospitalemcor.com.br\/novo\/#organization\",\"name\":\"Hospital EMCOR\",\"url\":\"https:\/\/hospitalemcor.com.br\/novo\/\",\"logo\":{\"@type\":\"ImageObject\",\"inLanguage\":\"pt-BR\",\"@id\":\"https:\/\/hospitalemcor.com.br\/novo\/#\/schema\/logo\/image\/\",\"url\":\"https:\/\/hospitalemcor.com.br\/novo\/wp-content\/uploads\/2024\/02\/emcorsfundo.png\",\"contentUrl\":\"https:\/\/hospitalemcor.com.br\/novo\/wp-content\/uploads\/2024\/02\/emcorsfundo.png\",\"width\":500,\"height\":212,\"caption\":\"Hospital EMCOR\"},\"image\":{\"@id\":\"https:\/\/hospitalemcor.com.br\/novo\/#\/schema\/logo\/image\/\"},\"sameAs\":[\"https:\/\/www.facebook.com\/emcor\",\"https:\/\/x.com\/hospitalemcor\",\"https:\/\/www.instagram.com\/hospitalemcor\/\"]}]}<\/script>\n<!-- \/ Yoast SEO plugin. -->","yoast_head_json":{"title":"Planos e Conv\u00eanios - Hospital EMCOR","robots":{"index":"index","follow":"follow","max-snippet":"max-snippet:-1","max-image-preview":"max-image-preview:large","max-video-preview":"max-video-preview:-1"},"canonical":"https:\/\/hospitalemcor.com.br\/novo\/planoseconvenios\/","og_locale":"pt_BR","og_type":"article","og_title":"Planos e Conv\u00eanios - Hospital EMCOR","og_description":"You need to enable JavaScript to run this app. Planos e Conv\u00eanios \u00a0","og_url":"https:\/\/hospitalemcor.com.br\/novo\/planoseconvenios\/","og_site_name":"Hospital EMCOR","article_publisher":"https:\/\/www.facebook.com\/emcor","article_modified_time":"2024-12-17T01:20:18+00:00","twitter_card":"summary_large_image","twitter_site":"@hospitalemcor","twitter_misc":{"Est. tempo de leitura":"1 minuto"},"schema":{"@context":"https:\/\/schema.org","@graph":[{"@type":"WebPage","@id":"https:\/\/hospitalemcor.com.br\/novo\/planoseconvenios\/","url":"https:\/\/hospitalemcor.com.br\/novo\/planoseconvenios\/","name":"Planos e Conv\u00eanios - Hospital EMCOR","isPartOf":{"@id":"https:\/\/hospitalemcor.com.br\/novo\/#website"},"datePublished":"2024-07-30T16:09:31+00:00","dateModified":"2024-12-17T01:20:18+00:00","breadcrumb":{"@id":"https:\/\/hospitalemcor.com.br\/novo\/planoseconvenios\/#breadcrumb"},"inLanguage":"pt-BR","potentialAction":[{"@type":"ReadAction","target":["https:\/\/hospitalemcor.com.br\/novo\/planoseconvenios\/"]}]},{"@type":"BreadcrumbList","@id":"https:\/\/hospitalemcor.com.br\/novo\/planoseconvenios\/#breadcrumb","itemListElement":[{"@type":"ListItem","position":1,"name":"In\u00edcio","item":"https:\/\/hospitalemcor.com.br\/novo\/"},{"@type":"ListItem","position":2,"name":"Planos e Conv\u00eanios"}]},{"@type":"WebSite","@id":"https:\/\/hospitalemcor.com.br\/novo\/#website","url":"https:\/\/hospitalemcor.com.br\/novo\/","name":"Hospital EMCOR","description":"Hospital do Cora\u00e7\u00e3o e Cl\u00ednicas de Nova Igua\u00e7u","publisher":{"@id":"https:\/\/hospitalemcor.com.br\/novo\/#organization"},"potentialAction":[{"@type":"SearchAction","target":{"@type":"EntryPoint","urlTemplate":"https:\/\/hospitalemcor.com.br\/novo\/?s={search_term_string}"},"query-input":{"@type":"PropertyValueSpecification","valueRequired":true,"valueName":"search_term_string"}}],"inLanguage":"pt-BR"},{"@type":"Organization","@id":"https:\/\/hospitalemcor.com.br\/novo\/#organization","name":"Hospital EMCOR","url":"https:\/\/hospitalemcor.com.br\/novo\/","logo":{"@type":"ImageObject","inLanguage":"pt-BR","@id":"https:\/\/hospitalemcor.com.br\/novo\/#\/schema\/logo\/image\/","url":"https:\/\/hospitalemcor.com.br\/novo\/wp-content\/uploads\/2024\/02\/emcorsfundo.png","contentUrl":"https:\/\/hospitalemcor.com.br\/novo\/wp-content\/uploads\/2024\/02\/emcorsfundo.png","width":500,"height":212,"caption":"Hospital EMCOR"},"image":{"@id":"https:\/\/hospitalemcor.com.br\/novo\/#\/schema\/logo\/image\/"},"sameAs":["https:\/\/www.facebook.com\/emcor","https:\/\/x.com\/hospitalemcor","https:\/\/www.instagram.com\/hospitalemcor\/"]}]}},"_links":{"self":[{"href":"https:\/\/hospitalemcor.com.br\/novo\/wp-json\/wp\/v2\/pages\/2006","targetHints":{"allow":["GET"]}}],"collection":[{"href":"https:\/\/hospitalemcor.com.br\/novo\/wp-json\/wp\/v2\/pages"}],"about":[{"href":"https:\/\/hospitalemcor.com.br\/novo\/wp-json\/wp\/v2\/types\/page"}],"author":[{"embeddable":true,"href":"https:\/\/hospitalemcor.com.br\/novo\/wp-json\/wp\/v2\/users\/1"}],"replies":[{"embeddable":true,"href":"https:\/\/hospitalemcor.com.br\/novo\/wp-json\/wp\/v2\/comments?post=2006"}],"version-history":[{"count":9,"href":"https:\/\/hospitalemcor.com.br\/novo\/wp-json\/wp\/v2\/pages\/2006\/revisions"}],"predecessor-version":[{"id":2282,"href":"https:\/\/hospitalemcor.com.br\/novo\/wp-json\/wp\/v2\/pages\/2006\/revisions\/2282"}],"wp:attachment":[{"href":"https:\/\/hospitalemcor.com.br\/novo\/wp-json\/wp\/v2\/media?parent=2006"}],"curies":[{"name":"wp","href":"https:\/\/api.w.org\/{rel}","templated":true}]}}