{"id":718,"date":"2024-02-16T19:35:19","date_gmt":"2024-02-16T19:35:19","guid":{"rendered":"https:\/\/hospitalemcor.com.br\/novo\/?page_id=718"},"modified":"2024-03-14T19:24:41","modified_gmt":"2024-03-14T19:24:41","slug":"trabalhe-conosco","status":"publish","type":"page","link":"https:\/\/hospitalemcor.com.br\/novo\/trabalhe-conosco\/","title":{"rendered":"Trabalhe Conosco"},"content":{"rendered":"\t\t<div data-elementor-type=\"wp-page\" data-elementor-id=\"718\" class=\"elementor elementor-718\">\n\t\t\t\t<div class=\"elementor-element elementor-element-86e4abc e-flex e-con-boxed wpr-particle-no wpr-jarallax-no wpr-parallax-no wpr-sticky-section-no e-con e-parent\" data-id=\"86e4abc\" data-element_type=\"container\" data-settings=\"{&quot;background_background&quot;:&quot;classic&quot;}\">\n\t\t\t\t\t<div class=\"e-con-inner\">\n\t\t\t\t<div class=\"elementor-element elementor-element-87aba19 eael-dual-header-content-align-center elementor-widget elementor-widget-eael-dual-color-header\" data-id=\"87aba19\" data-element_type=\"widget\" data-widget_type=\"eael-dual-color-header.default\">\n\t\t\t\t<div class=\"elementor-widget-container\">\n\t\t\t\t\t\t\t\t<div class=\"eael-dual-header\">\n\t\t\t\t<h2 class=\"title eael-dch-title\"><span class=\"eael-dch-title-text eael-dch-title-lead lead solid-color\">Trabalhe<\/span> <span class=\"eael-dch-title-text\">Conosco<\/span><\/h2><div class=\"eael-dch-separator-wrap\"><span class=\"separator-one\"><\/span>\n\t\t\t<span class=\"separator-two\"><\/span><\/div>\t\t\t<\/div>\n\n\t\t\t\t\t\t<\/div>\n\t\t\t\t<\/div>\n\t\t\t\t\t<\/div>\n\t\t\t\t<\/div>\n\t\t\t\t<section class=\"elementor-section elementor-top-section elementor-element elementor-element-2a22af7 elementor-section-boxed elementor-section-height-default elementor-section-height-default wpr-particle-no wpr-jarallax-no wpr-parallax-no wpr-sticky-section-no\" data-id=\"2a22af7\" data-element_type=\"section\">\n\t\t\t\t\t\t<div class=\"elementor-container elementor-column-gap-default\">\n\t\t\t\t\t<div class=\"elementor-column elementor-col-50 elementor-top-column elementor-element elementor-element-3e047ed\" data-id=\"3e047ed\" data-element_type=\"column\">\n\t\t\t<div class=\"elementor-widget-wrap elementor-element-populated\">\n\t\t\t\t\t\t<div class=\"elementor-element elementor-element-92fce50 elementor-widget elementor-widget-spacer\" data-id=\"92fce50\" data-element_type=\"widget\" data-widget_type=\"spacer.default\">\n\t\t\t\t<div class=\"elementor-widget-container\">\n\t\t\t\t\t\t\t<div class=\"elementor-spacer\">\n\t\t\t<div class=\"elementor-spacer-inner\"><\/div>\n\t\t<\/div>\n\t\t\t\t\t\t<\/div>\n\t\t\t\t<\/div>\n\t\t\t\t<div class=\"elementor-element elementor-element-731f4bb elementor-widget elementor-widget-heading\" data-id=\"731f4bb\" data-element_type=\"widget\" data-widget_type=\"heading.default\">\n\t\t\t\t<div class=\"elementor-widget-container\">\n\t\t\t\t\t<h2 class=\"elementor-heading-title elementor-size-default\">Envie Seu Curr\u00edculo para n\u00f3s.<\/h2>\t\t\t\t<\/div>\n\t\t\t\t<\/div>\n\t\t\t\t<div class=\"elementor-element elementor-element-e4f6de9 elementor-position-left elementor-vertical-align-middle elementor-view-default elementor-mobile-position-top elementor-widget elementor-widget-icon-box\" data-id=\"e4f6de9\" data-element_type=\"widget\" data-widget_type=\"icon-box.default\">\n\t\t\t\t<div class=\"elementor-widget-container\">\n\t\t\t\t\t\t\t<div class=\"elementor-icon-box-wrapper\">\n\n\t\t\t\t\t\t<div class=\"elementor-icon-box-icon\">\n\t\t\t\t<span  class=\"elementor-icon\">\n\t\t\t\t<svg aria-hidden=\"true\" class=\"e-font-icon-svg e-far-envelope\" viewBox=\"0 0 512 512\" xmlns=\"http:\/\/www.w3.org\/2000\/svg\"><path d=\"M464 64H48C21.49 64 0 85.49 0 112v288c0 26.51 21.49 48 48 48h416c26.51 0 48-21.49 48-48V112c0-26.51-21.49-48-48-48zm0 48v40.805c-22.422 18.259-58.168 46.651-134.587 106.49-16.841 13.247-50.201 45.072-73.413 44.701-23.208.375-56.579-31.459-73.413-44.701C106.18 199.465 70.425 171.067 48 152.805V112h416zM48 400V214.398c22.914 18.251 55.409 43.862 104.938 82.646 21.857 17.205 60.134 55.186 103.062 54.955 42.717.231 80.509-37.199 103.053-54.947 49.528-38.783 82.032-64.401 104.947-82.653V400H48z\"><\/path><\/svg>\t\t\t\t<\/span>\n\t\t\t<\/div>\n\t\t\t\n\t\t\t\t\t\t<div class=\"elementor-icon-box-content\">\n\n\t\t\t\t\n\t\t\t\t\t\t\t\t\t<p class=\"elementor-icon-box-description\">\n\t\t\t\t\t\tEnvie seu curr\u00edculo ao lado ou para esse e-mail <br><a href=\"mailto:rh@hospitalemcor.com.br?Subject=Curriculo%20para%20a%20Vaga%20\"><b>rh@hospitalemcor.com.br<\/b><\/a>.<br>N\u00e3o esque\u00e7a de colocar no assunto a vaga  pretendida.\t\t\t\t\t<\/p>\n\t\t\t\t\n\t\t\t<\/div>\n\t\t\t\n\t\t<\/div>\n\t\t\t\t\t\t<\/div>\n\t\t\t\t<\/div>\n\t\t\t\t\t<\/div>\n\t\t<\/div>\n\t\t\t\t<div class=\"elementor-column elementor-col-50 elementor-top-column elementor-element elementor-element-59cdd0c\" data-id=\"59cdd0c\" data-element_type=\"column\">\n\t\t\t<div class=\"elementor-widget-wrap elementor-element-populated\">\n\t\t\t\t\t\t<div class=\"elementor-element elementor-element-5176cdd wpr-step-type-number_text wpr-step-content-layout-vertical wpr-custom-styles-yes elementor-widget elementor-widget-wpr-form-builder\" data-id=\"5176cdd\" data-element_type=\"widget\" data-settings=\"{&quot;success_message&quot;:&quot;Enviado com sucesso!&quot;,&quot;error_message&quot;:&quot;Falha ao enviar, favor tentar novamente.&quot;,&quot;button_width&quot;:{&quot;unit&quot;:&quot;%&quot;,&quot;size&quot;:35,&quot;sizes&quot;:[]},&quot;button_width_tablet&quot;:{&quot;unit&quot;:&quot;px&quot;,&quot;size&quot;:&quot;&quot;,&quot;sizes&quot;:[]},&quot;button_width_mobile&quot;:{&quot;unit&quot;:&quot;px&quot;,&quot;size&quot;:&quot;&quot;,&quot;sizes&quot;:[]},&quot;step_type&quot;:&quot;number_text&quot;,&quot;step_content_layout&quot;:&quot;vertical&quot;}\" data-widget_type=\"wpr-form-builder.default\">\n\t\t\t\t<div class=\"elementor-widget-container\">\n\t\t\t\t\t\t\t<form class=\"wpr-form\" method=\"post\" id=\"contato_site\" name=\"contato_site\" page=\"Trabalhe Conosco\" page_id=\"718\" novalidate>\n\t\t\t<input type=\"hidden\" name=\"post_id\" value=\"718\"\/>\n\t\t\t<input type=\"hidden\" name=\"form_id\" value=\"5176cdd\"\/>\n\t\t\t<input type=\"hidden\" name=\"referer_title\" value=\"Hospital EMCOR\" \/>\n\n\t\t\t<div class=\"wpr-step-wrap\"><\/div>\n\t\t\t<div class=\"wpr-form-fields-wrap wpr-labels-above\">\n\t\t\t\t\t\t\t\t\t<div class=\"wpr-form-field-type-text wpr-field-group wpr-column wpr-field-group-name elementor-repeater-item-eddfb84 wpr-form-field-required\">\n\t\t\t\t\t\t\t\t\t\t\t\t\t\t<label for=\"form-field-name\" class=\"wpr-form-field-label\">\n\t\t\t\t\t\t\t\t\tNome\t\t\t\t\t\t\t\t<\/label>\n\t\t\t\t\t\t\t<input size=\"1 \"type=\"text\" name=\"form_fields[name]\" id=\"form-field-name\" class=\"wpr-form-field  wpr-form-field-textual\" placeholder=\"Nome\" required=\"required\" aria-required=\"true\">\t\t\t\t\t<\/div>\n\t\t\t\t\t\t\t\t\t<div class=\"wpr-form-field-type-email wpr-field-group wpr-column wpr-field-group-f7bddbf elementor-repeater-item-f7bddbf wpr-form-field-required\">\n\t\t\t\t\t\t\t\t\t\t\t\t\t\t<label for=\"form-field-f7bddbf\" class=\"wpr-form-field-label\">\n\t\t\t\t\t\t\t\t\tEmail\t\t\t\t\t\t\t\t<\/label>\n\t\t\t\t\t\t\t<input size=\"1 \"type=\"email\" name=\"form_fields[f7bddbf]\" id=\"form-field-f7bddbf\" class=\"wpr-form-field  wpr-form-field-textual\" placeholder=\"Email\" required=\"required\" aria-required=\"true\">\t\t\t\t\t<\/div>\n\t\t\t\t\t\t\t\t\t<div class=\"wpr-form-field-type-textarea wpr-field-group wpr-column wpr-field-group-message elementor-repeater-item-8f8abb8 wpr-form-field-required\">\n\t\t\t\t\t\t\t\t\t\t\t\t\t\t<label for=\"form-field-message\" class=\"wpr-form-field-label\">\n\t\t\t\t\t\t\t\t\tMensagem\t\t\t\t\t\t\t\t<\/label>\n\t\t\t\t\t\t\t<textarea class=\"wpr-form-field-textual wpr-form-field \" name=\"form_fields[message]\" id=\"form-field-message\" rows=\"5\" placeholder=\"Digite aqui sua mensagem\" required=\"required\" aria-required=\"true\"><\/textarea>\t\t\t\t\t<\/div>\n\t\t\t\t<div class=\"wpr-field-group wpr-stp-btns-wrap wpr-column wpr-form-field-type-submit\" data-actions=\"[&quot;email&quot;]\" data-redirect-url=\"\" data-mailchimp-fields=\"{&quot;email_field&quot;:&quot;&quot;,&quot;first_name_field&quot;:&quot;&quot;,&quot;last_name_field&quot;:&quot;&quot;,&quot;address_field&quot;:&quot;&quot;,&quot;phone_field&quot;:&quot;&quot;,&quot;birthday_field&quot;:&quot;&quot;,&quot;group_id&quot;:&quot;&quot;}\" data-list-id=\"\">\t\t\t<button type=\"submit\" class=\"wpr-button\">\n\t\t\t\t<span >\n\t\t\t\t\t\t\t\t\t\t\t\t\t\t\t\t<span>Enviar<\/span>\n\t\t\t\t\t\t\t\t\t\t\t\t\t\t<\/span>\t\n\t\t\t\t<div class=\"wpr-double-bounce wpr-loader-hidden\">\n\t\t\t\t\t<div class=\"wpr-child wpr-double-bounce1\"><\/div>\n\t\t\t\t\t<div class=\"wpr-child wpr-double-bounce2\"><\/div>\n\t\t\t\t<\/div>\n\t\t\t<\/button>\n\t\t<\/div>\t\t\t\t\n\t\t\t<\/div>\n\t\t<\/form>\n\t  \t\t\t\t<\/div>\n\t\t\t\t<\/div>\n\t\t\t\t\t<\/div>\n\t\t<\/div>\n\t\t\t\t\t<\/div>\n\t\t<\/section>\n\t\t\t\t<\/div>\n\t\t","protected":false},"excerpt":{"rendered":"<p>Trabalhe Conosco Envie Seu Curr\u00edculo para n\u00f3s. Envie seu curr\u00edculo ao lado ou para esse e-mail rh@hospitalemcor.com.br.N\u00e3o esque\u00e7a de colocar no assunto a vaga pretendida. Nome Email Mensagem Enviar<\/p>\n","protected":false},"author":1,"featured_media":0,"parent":0,"menu_order":5,"comment_status":"closed","ping_status":"closed","template":"elementor_header_footer","meta":{"_acf_changed":false,"footnotes":""},"class_list":["post-718","page","type-page","status-publish","hentry"],"acf":[],"yoast_head":"<!-- This site is optimized with the Yoast SEO plugin v27.2 - https:\/\/yoast.com\/product\/yoast-seo-wordpress\/ -->\n<title>Trabalhe Conosco - Hospital EMCOR<\/title>\n<meta name=\"robots\" content=\"index, follow, max-snippet:-1, max-image-preview:large, max-video-preview:-1\" \/>\n<link rel=\"canonical\" href=\"https:\/\/hospitalemcor.com.br\/novo\/trabalhe-conosco\/\" \/>\n<meta property=\"og:locale\" content=\"pt_BR\" \/>\n<meta property=\"og:type\" content=\"article\" \/>\n<meta property=\"og:title\" content=\"Trabalhe Conosco - Hospital EMCOR\" \/>\n<meta property=\"og:description\" content=\"Trabalhe Conosco Envie Seu Curr\u00edculo para n\u00f3s. Envie seu curr\u00edculo ao lado ou para esse e-mail rh@hospitalemcor.com.br.N\u00e3o esque\u00e7a de colocar no assunto a vaga pretendida. Nome Email Mensagem Enviar\" \/>\n<meta property=\"og:url\" content=\"https:\/\/hospitalemcor.com.br\/novo\/trabalhe-conosco\/\" \/>\n<meta property=\"og:site_name\" content=\"Hospital EMCOR\" \/>\n<meta property=\"article:publisher\" content=\"https:\/\/www.facebook.com\/emcor\" \/>\n<meta property=\"article:modified_time\" content=\"2024-03-14T19:24:41+00:00\" \/>\n<meta name=\"twitter:card\" content=\"summary_large_image\" \/>\n<meta name=\"twitter:site\" content=\"@hospitalemcor\" \/>\n<script type=\"application\/ld+json\" class=\"yoast-schema-graph\">{\"@context\":\"https:\/\/schema.org\",\"@graph\":[{\"@type\":\"WebPage\",\"@id\":\"https:\/\/hospitalemcor.com.br\/novo\/trabalhe-conosco\/\",\"url\":\"https:\/\/hospitalemcor.com.br\/novo\/trabalhe-conosco\/\",\"name\":\"Trabalhe Conosco - Hospital EMCOR\",\"isPartOf\":{\"@id\":\"https:\/\/hospitalemcor.com.br\/novo\/#website\"},\"datePublished\":\"2024-02-16T19:35:19+00:00\",\"dateModified\":\"2024-03-14T19:24:41+00:00\",\"breadcrumb\":{\"@id\":\"https:\/\/hospitalemcor.com.br\/novo\/trabalhe-conosco\/#breadcrumb\"},\"inLanguage\":\"pt-BR\",\"potentialAction\":[{\"@type\":\"ReadAction\",\"target\":[\"https:\/\/hospitalemcor.com.br\/novo\/trabalhe-conosco\/\"]}]},{\"@type\":\"BreadcrumbList\",\"@id\":\"https:\/\/hospitalemcor.com.br\/novo\/trabalhe-conosco\/#breadcrumb\",\"itemListElement\":[{\"@type\":\"ListItem\",\"position\":1,\"name\":\"In\u00edcio\",\"item\":\"https:\/\/hospitalemcor.com.br\/novo\/\"},{\"@type\":\"ListItem\",\"position\":2,\"name\":\"Trabalhe Conosco\"}]},{\"@type\":\"WebSite\",\"@id\":\"https:\/\/hospitalemcor.com.br\/novo\/#website\",\"url\":\"https:\/\/hospitalemcor.com.br\/novo\/\",\"name\":\"Hospital EMCOR\",\"description\":\"Hospital do Cora\u00e7\u00e3o e Cl\u00ednicas de Nova Igua\u00e7u\",\"publisher\":{\"@id\":\"https:\/\/hospitalemcor.com.br\/novo\/#organization\"},\"potentialAction\":[{\"@type\":\"SearchAction\",\"target\":{\"@type\":\"EntryPoint\",\"urlTemplate\":\"https:\/\/hospitalemcor.com.br\/novo\/?s={search_term_string}\"},\"query-input\":{\"@type\":\"PropertyValueSpecification\",\"valueRequired\":true,\"valueName\":\"search_term_string\"}}],\"inLanguage\":\"pt-BR\"},{\"@type\":\"Organization\",\"@id\":\"https:\/\/hospitalemcor.com.br\/novo\/#organization\",\"name\":\"Hospital EMCOR\",\"url\":\"https:\/\/hospitalemcor.com.br\/novo\/\",\"logo\":{\"@type\":\"ImageObject\",\"inLanguage\":\"pt-BR\",\"@id\":\"https:\/\/hospitalemcor.com.br\/novo\/#\/schema\/logo\/image\/\",\"url\":\"https:\/\/hospitalemcor.com.br\/novo\/wp-content\/uploads\/2024\/02\/emcorsfundo.png\",\"contentUrl\":\"https:\/\/hospitalemcor.com.br\/novo\/wp-content\/uploads\/2024\/02\/emcorsfundo.png\",\"width\":500,\"height\":212,\"caption\":\"Hospital EMCOR\"},\"image\":{\"@id\":\"https:\/\/hospitalemcor.com.br\/novo\/#\/schema\/logo\/image\/\"},\"sameAs\":[\"https:\/\/www.facebook.com\/emcor\",\"https:\/\/x.com\/hospitalemcor\",\"https:\/\/www.instagram.com\/hospitalemcor\/\"]}]}<\/script>\n<!-- \/ Yoast SEO plugin. -->","yoast_head_json":{"title":"Trabalhe Conosco - Hospital EMCOR","robots":{"index":"index","follow":"follow","max-snippet":"max-snippet:-1","max-image-preview":"max-image-preview:large","max-video-preview":"max-video-preview:-1"},"canonical":"https:\/\/hospitalemcor.com.br\/novo\/trabalhe-conosco\/","og_locale":"pt_BR","og_type":"article","og_title":"Trabalhe Conosco - Hospital EMCOR","og_description":"Trabalhe Conosco Envie Seu Curr\u00edculo para n\u00f3s. Envie seu curr\u00edculo ao lado ou para esse e-mail rh@hospitalemcor.com.br.N\u00e3o esque\u00e7a de colocar no assunto a vaga pretendida. Nome Email Mensagem Enviar","og_url":"https:\/\/hospitalemcor.com.br\/novo\/trabalhe-conosco\/","og_site_name":"Hospital EMCOR","article_publisher":"https:\/\/www.facebook.com\/emcor","article_modified_time":"2024-03-14T19:24:41+00:00","twitter_card":"summary_large_image","twitter_site":"@hospitalemcor","schema":{"@context":"https:\/\/schema.org","@graph":[{"@type":"WebPage","@id":"https:\/\/hospitalemcor.com.br\/novo\/trabalhe-conosco\/","url":"https:\/\/hospitalemcor.com.br\/novo\/trabalhe-conosco\/","name":"Trabalhe Conosco - Hospital EMCOR","isPartOf":{"@id":"https:\/\/hospitalemcor.com.br\/novo\/#website"},"datePublished":"2024-02-16T19:35:19+00:00","dateModified":"2024-03-14T19:24:41+00:00","breadcrumb":{"@id":"https:\/\/hospitalemcor.com.br\/novo\/trabalhe-conosco\/#breadcrumb"},"inLanguage":"pt-BR","potentialAction":[{"@type":"ReadAction","target":["https:\/\/hospitalemcor.com.br\/novo\/trabalhe-conosco\/"]}]},{"@type":"BreadcrumbList","@id":"https:\/\/hospitalemcor.com.br\/novo\/trabalhe-conosco\/#breadcrumb","itemListElement":[{"@type":"ListItem","position":1,"name":"In\u00edcio","item":"https:\/\/hospitalemcor.com.br\/novo\/"},{"@type":"ListItem","position":2,"name":"Trabalhe Conosco"}]},{"@type":"WebSite","@id":"https:\/\/hospitalemcor.com.br\/novo\/#website","url":"https:\/\/hospitalemcor.com.br\/novo\/","name":"Hospital EMCOR","description":"Hospital do Cora\u00e7\u00e3o e Cl\u00ednicas de Nova Igua\u00e7u","publisher":{"@id":"https:\/\/hospitalemcor.com.br\/novo\/#organization"},"potentialAction":[{"@type":"SearchAction","target":{"@type":"EntryPoint","urlTemplate":"https:\/\/hospitalemcor.com.br\/novo\/?s={search_term_string}"},"query-input":{"@type":"PropertyValueSpecification","valueRequired":true,"valueName":"search_term_string"}}],"inLanguage":"pt-BR"},{"@type":"Organization","@id":"https:\/\/hospitalemcor.com.br\/novo\/#organization","name":"Hospital EMCOR","url":"https:\/\/hospitalemcor.com.br\/novo\/","logo":{"@type":"ImageObject","inLanguage":"pt-BR","@id":"https:\/\/hospitalemcor.com.br\/novo\/#\/schema\/logo\/image\/","url":"https:\/\/hospitalemcor.com.br\/novo\/wp-content\/uploads\/2024\/02\/emcorsfundo.png","contentUrl":"https:\/\/hospitalemcor.com.br\/novo\/wp-content\/uploads\/2024\/02\/emcorsfundo.png","width":500,"height":212,"caption":"Hospital EMCOR"},"image":{"@id":"https:\/\/hospitalemcor.com.br\/novo\/#\/schema\/logo\/image\/"},"sameAs":["https:\/\/www.facebook.com\/emcor","https:\/\/x.com\/hospitalemcor","https:\/\/www.instagram.com\/hospitalemcor\/"]}]}},"_links":{"self":[{"href":"https:\/\/hospitalemcor.com.br\/novo\/wp-json\/wp\/v2\/pages\/718","targetHints":{"allow":["GET"]}}],"collection":[{"href":"https:\/\/hospitalemcor.com.br\/novo\/wp-json\/wp\/v2\/pages"}],"about":[{"href":"https:\/\/hospitalemcor.com.br\/novo\/wp-json\/wp\/v2\/types\/page"}],"author":[{"embeddable":true,"href":"https:\/\/hospitalemcor.com.br\/novo\/wp-json\/wp\/v2\/users\/1"}],"replies":[{"embeddable":true,"href":"https:\/\/hospitalemcor.com.br\/novo\/wp-json\/wp\/v2\/comments?post=718"}],"version-history":[{"count":19,"href":"https:\/\/hospitalemcor.com.br\/novo\/wp-json\/wp\/v2\/pages\/718\/revisions"}],"predecessor-version":[{"id":1620,"href":"https:\/\/hospitalemcor.com.br\/novo\/wp-json\/wp\/v2\/pages\/718\/revisions\/1620"}],"wp:attachment":[{"href":"https:\/\/hospitalemcor.com.br\/novo\/wp-json\/wp\/v2\/media?parent=718"}],"curies":[{"name":"wp","href":"https:\/\/api.w.org\/{rel}","templated":true}]}}