{"id":863,"date":"2024-02-17T18:49:22","date_gmt":"2024-02-17T18:49:22","guid":{"rendered":"https:\/\/hospitalemcor.com.br\/novo\/?page_id=863"},"modified":"2024-02-17T19:10:11","modified_gmt":"2024-02-17T19:10:11","slug":"resultados","status":"publish","type":"page","link":"https:\/\/hospitalemcor.com.br\/novo\/resultados\/","title":{"rendered":"Resultados"},"content":{"rendered":"\t\t<div data-elementor-type=\"wp-page\" data-elementor-id=\"863\" class=\"elementor elementor-863\">\n\t\t\t\t<div class=\"elementor-element elementor-element-11b92f8 e-flex e-con-boxed wpr-particle-no wpr-jarallax-no wpr-parallax-no wpr-sticky-section-no e-con e-parent\" data-id=\"11b92f8\" data-element_type=\"container\">\n\t\t\t\t\t<div class=\"e-con-inner\">\n\t\t\t\t<div class=\"elementor-element elementor-element-b3eedc1 elementor-widget__width-inherit elementor-widget elementor-widget-html\" data-id=\"b3eedc1\" data-element_type=\"widget\" data-widget_type=\"html.default\">\n\t\t\t\t<div class=\"elementor-widget-container\">\n\t\t\t\t\t<iframe title=\"medcloud\" src=\"https:\/\/www.medcloud.co\/?page=emcor\" scrolling=\"no\" frameborder=\"0\" width=\"100%\" height=\"600em\" style=\"\"><\/iframe>\t\t\t\t<\/div>\n\t\t\t\t<\/div>\n\t\t\t\t\t<\/div>\n\t\t\t\t<\/div>\n\t\t\t\t<\/div>\n\t\t","protected":false},"excerpt":{"rendered":"","protected":false},"author":1,"featured_media":0,"parent":0,"menu_order":7,"comment_status":"closed","ping_status":"closed","template":"elementor_header_footer","meta":{"_acf_changed":false,"footnotes":""},"class_list":["post-863","page","type-page","status-publish","hentry"],"acf":[],"yoast_head":"<!-- This site is optimized with the Yoast SEO plugin v27.2 - https:\/\/yoast.com\/product\/yoast-seo-wordpress\/ -->\n<title>Resultados - Hospital EMCOR<\/title>\n<meta name=\"robots\" content=\"index, follow, max-snippet:-1, max-image-preview:large, max-video-preview:-1\" \/>\n<link rel=\"canonical\" href=\"https:\/\/hospitalemcor.com.br\/novo\/resultados\/\" \/>\n<meta property=\"og:locale\" content=\"pt_BR\" \/>\n<meta property=\"og:type\" content=\"article\" \/>\n<meta property=\"og:title\" content=\"Resultados - Hospital EMCOR\" \/>\n<meta property=\"og:url\" content=\"https:\/\/hospitalemcor.com.br\/novo\/resultados\/\" \/>\n<meta property=\"og:site_name\" content=\"Hospital EMCOR\" \/>\n<meta property=\"article:publisher\" content=\"https:\/\/www.facebook.com\/emcor\" \/>\n<meta property=\"article:modified_time\" content=\"2024-02-17T19:10:11+00:00\" \/>\n<meta name=\"twitter:card\" content=\"summary_large_image\" \/>\n<meta name=\"twitter:site\" content=\"@hospitalemcor\" \/>\n<script type=\"application\/ld+json\" class=\"yoast-schema-graph\">{\"@context\":\"https:\/\/schema.org\",\"@graph\":[{\"@type\":\"WebPage\",\"@id\":\"https:\/\/hospitalemcor.com.br\/novo\/resultados\/\",\"url\":\"https:\/\/hospitalemcor.com.br\/novo\/resultados\/\",\"name\":\"Resultados - Hospital EMCOR\",\"isPartOf\":{\"@id\":\"https:\/\/hospitalemcor.com.br\/novo\/#website\"},\"datePublished\":\"2024-02-17T18:49:22+00:00\",\"dateModified\":\"2024-02-17T19:10:11+00:00\",\"breadcrumb\":{\"@id\":\"https:\/\/hospitalemcor.com.br\/novo\/resultados\/#breadcrumb\"},\"inLanguage\":\"pt-BR\",\"potentialAction\":[{\"@type\":\"ReadAction\",\"target\":[\"https:\/\/hospitalemcor.com.br\/novo\/resultados\/\"]}]},{\"@type\":\"BreadcrumbList\",\"@id\":\"https:\/\/hospitalemcor.com.br\/novo\/resultados\/#breadcrumb\",\"itemListElement\":[{\"@type\":\"ListItem\",\"position\":1,\"name\":\"In\u00edcio\",\"item\":\"https:\/\/hospitalemcor.com.br\/novo\/\"},{\"@type\":\"ListItem\",\"position\":2,\"name\":\"Resultados\"}]},{\"@type\":\"WebSite\",\"@id\":\"https:\/\/hospitalemcor.com.br\/novo\/#website\",\"url\":\"https:\/\/hospitalemcor.com.br\/novo\/\",\"name\":\"Hospital EMCOR\",\"description\":\"Hospital do Cora\u00e7\u00e3o e Cl\u00ednicas de Nova Igua\u00e7u\",\"publisher\":{\"@id\":\"https:\/\/hospitalemcor.com.br\/novo\/#organization\"},\"potentialAction\":[{\"@type\":\"SearchAction\",\"target\":{\"@type\":\"EntryPoint\",\"urlTemplate\":\"https:\/\/hospitalemcor.com.br\/novo\/?s={search_term_string}\"},\"query-input\":{\"@type\":\"PropertyValueSpecification\",\"valueRequired\":true,\"valueName\":\"search_term_string\"}}],\"inLanguage\":\"pt-BR\"},{\"@type\":\"Organization\",\"@id\":\"https:\/\/hospitalemcor.com.br\/novo\/#organization\",\"name\":\"Hospital EMCOR\",\"url\":\"https:\/\/hospitalemcor.com.br\/novo\/\",\"logo\":{\"@type\":\"ImageObject\",\"inLanguage\":\"pt-BR\",\"@id\":\"https:\/\/hospitalemcor.com.br\/novo\/#\/schema\/logo\/image\/\",\"url\":\"https:\/\/hospitalemcor.com.br\/novo\/wp-content\/uploads\/2024\/02\/emcorsfundo.png\",\"contentUrl\":\"https:\/\/hospitalemcor.com.br\/novo\/wp-content\/uploads\/2024\/02\/emcorsfundo.png\",\"width\":500,\"height\":212,\"caption\":\"Hospital EMCOR\"},\"image\":{\"@id\":\"https:\/\/hospitalemcor.com.br\/novo\/#\/schema\/logo\/image\/\"},\"sameAs\":[\"https:\/\/www.facebook.com\/emcor\",\"https:\/\/x.com\/hospitalemcor\",\"https:\/\/www.instagram.com\/hospitalemcor\/\"]}]}<\/script>\n<!-- \/ Yoast SEO plugin. -->","yoast_head_json":{"title":"Resultados - Hospital EMCOR","robots":{"index":"index","follow":"follow","max-snippet":"max-snippet:-1","max-image-preview":"max-image-preview:large","max-video-preview":"max-video-preview:-1"},"canonical":"https:\/\/hospitalemcor.com.br\/novo\/resultados\/","og_locale":"pt_BR","og_type":"article","og_title":"Resultados - Hospital EMCOR","og_url":"https:\/\/hospitalemcor.com.br\/novo\/resultados\/","og_site_name":"Hospital EMCOR","article_publisher":"https:\/\/www.facebook.com\/emcor","article_modified_time":"2024-02-17T19:10:11+00:00","twitter_card":"summary_large_image","twitter_site":"@hospitalemcor","schema":{"@context":"https:\/\/schema.org","@graph":[{"@type":"WebPage","@id":"https:\/\/hospitalemcor.com.br\/novo\/resultados\/","url":"https:\/\/hospitalemcor.com.br\/novo\/resultados\/","name":"Resultados - Hospital EMCOR","isPartOf":{"@id":"https:\/\/hospitalemcor.com.br\/novo\/#website"},"datePublished":"2024-02-17T18:49:22+00:00","dateModified":"2024-02-17T19:10:11+00:00","breadcrumb":{"@id":"https:\/\/hospitalemcor.com.br\/novo\/resultados\/#breadcrumb"},"inLanguage":"pt-BR","potentialAction":[{"@type":"ReadAction","target":["https:\/\/hospitalemcor.com.br\/novo\/resultados\/"]}]},{"@type":"BreadcrumbList","@id":"https:\/\/hospitalemcor.com.br\/novo\/resultados\/#breadcrumb","itemListElement":[{"@type":"ListItem","position":1,"name":"In\u00edcio","item":"https:\/\/hospitalemcor.com.br\/novo\/"},{"@type":"ListItem","position":2,"name":"Resultados"}]},{"@type":"WebSite","@id":"https:\/\/hospitalemcor.com.br\/novo\/#website","url":"https:\/\/hospitalemcor.com.br\/novo\/","name":"Hospital EMCOR","description":"Hospital do Cora\u00e7\u00e3o e Cl\u00ednicas de Nova Igua\u00e7u","publisher":{"@id":"https:\/\/hospitalemcor.com.br\/novo\/#organization"},"potentialAction":[{"@type":"SearchAction","target":{"@type":"EntryPoint","urlTemplate":"https:\/\/hospitalemcor.com.br\/novo\/?s={search_term_string}"},"query-input":{"@type":"PropertyValueSpecification","valueRequired":true,"valueName":"search_term_string"}}],"inLanguage":"pt-BR"},{"@type":"Organization","@id":"https:\/\/hospitalemcor.com.br\/novo\/#organization","name":"Hospital EMCOR","url":"https:\/\/hospitalemcor.com.br\/novo\/","logo":{"@type":"ImageObject","inLanguage":"pt-BR","@id":"https:\/\/hospitalemcor.com.br\/novo\/#\/schema\/logo\/image\/","url":"https:\/\/hospitalemcor.com.br\/novo\/wp-content\/uploads\/2024\/02\/emcorsfundo.png","contentUrl":"https:\/\/hospitalemcor.com.br\/novo\/wp-content\/uploads\/2024\/02\/emcorsfundo.png","width":500,"height":212,"caption":"Hospital EMCOR"},"image":{"@id":"https:\/\/hospitalemcor.com.br\/novo\/#\/schema\/logo\/image\/"},"sameAs":["https:\/\/www.facebook.com\/emcor","https:\/\/x.com\/hospitalemcor","https:\/\/www.instagram.com\/hospitalemcor\/"]}]}},"_links":{"self":[{"href":"https:\/\/hospitalemcor.com.br\/novo\/wp-json\/wp\/v2\/pages\/863","targetHints":{"allow":["GET"]}}],"collection":[{"href":"https:\/\/hospitalemcor.com.br\/novo\/wp-json\/wp\/v2\/pages"}],"about":[{"href":"https:\/\/hospitalemcor.com.br\/novo\/wp-json\/wp\/v2\/types\/page"}],"author":[{"embeddable":true,"href":"https:\/\/hospitalemcor.com.br\/novo\/wp-json\/wp\/v2\/users\/1"}],"replies":[{"embeddable":true,"href":"https:\/\/hospitalemcor.com.br\/novo\/wp-json\/wp\/v2\/comments?post=863"}],"version-history":[{"count":4,"href":"https:\/\/hospitalemcor.com.br\/novo\/wp-json\/wp\/v2\/pages\/863\/revisions"}],"predecessor-version":[{"id":869,"href":"https:\/\/hospitalemcor.com.br\/novo\/wp-json\/wp\/v2\/pages\/863\/revisions\/869"}],"wp:attachment":[{"href":"https:\/\/hospitalemcor.com.br\/novo\/wp-json\/wp\/v2\/media?parent=863"}],"curies":[{"name":"wp","href":"https:\/\/api.w.org\/{rel}","templated":true}]}}